{"id":9,"date":"2020-02-06T17:58:47","date_gmt":"2020-02-06T20:58:47","guid":{"rendered":"https:\/\/tecnopar-rs.com.br\/site\/?page_id=9"},"modified":"2022-10-18T22:58:17","modified_gmt":"2022-10-19T01:58:17","slug":"empresa","status":"publish","type":"page","link":"https:\/\/tecnopar-rs.com.br\/site\/empresa\/","title":{"rendered":"Empresa"},"content":{"rendered":"<div data-colibri-id=\"9-c1\" class=\"style-429 style-local-9-c1 position-relative\">\n  <!---->\n  <div data-colibri-component=\"section\" data-colibri-id=\"9-c2\" id=\"empresa\" class=\"h-section h-section-global-spacing d-flex align-items-lg-center align-items-md-center align-items-center style-566 style-local-9-c2 position-relative\">\n    <!---->\n    <!---->\n    <div class=\"h-section-grid-container h-section-boxed-container\">\n      <!---->\n      <div data-colibri-id=\"9-c3\" class=\"h-row-container gutters-row-lg-0 gutters-row-md-0 gutters-row-0 gutters-row-v-lg-0 gutters-row-v-md-0 gutters-row-v-0 style-567 style-local-9-c3 position-relative\">\n        <!---->\n        <div class=\"h-row justify-content-lg-center justify-content-md-center justify-content-center align-items-lg-stretch align-items-md-stretch align-items-stretch gutters-col-lg-0 gutters-col-md-0 gutters-col-0 gutters-col-v-lg-0 gutters-col-v-md-0 gutters-col-v-0\">\n          <!---->\n          <div class=\"h-column h-column-container d-flex h-col-lg-auto h-col-md-auto h-col-auto style-568-outer style-local-9-c4-outer\">\n            <div data-colibri-id=\"9-c4\" class=\"d-flex h-flex-basis h-column__inner h-px-lg-0 h-px-md-0 h-px-0 v-inner-lg-0 v-inner-md-0 v-inner-0 style-568 style-local-9-c4 position-relative\">\n              <!---->\n              <!---->\n              <div class=\"w-100 h-y-container h-column__content h-column__v-align flex-basis-100 align-self-lg-start align-self-md-start align-self-start\">\n                <!---->\n                <div data-colibri-id=\"9-c5\" class=\"h-global-transition-all h-heading style-569 style-local-9-c5 position-relative h-element\">\n                  <!---->\n                  <div class=\"h-heading__outer style-569 style-local-9-c5\">\n                    <!---->\n                    <!---->\n                    <h5 class=\"\">Empresa<\/h5>\n                  <\/div>\n                <\/div>\n                <div data-colibri-id=\"9-c6\" class=\"h-global-transition-all h-heading style-570 style-local-9-c6 position-relative h-element\">\n                  <!---->\n                  <div class=\"h-heading__outer style-570 style-local-9-c6\">\n                    <!---->\n                    <!---->\n                    <h2 class=\"\">A <em style=\"font-family: &quot;Playfair Display&quot;;\">Tecnopar<\/em> foi fundada em mar\u00e7o de 2004 <\/h2>\n                  <\/div>\n                <\/div>\n                <div data-colibri-id=\"9-c7\" class=\"h-text h-text-component style-571 style-local-9-c7 position-relative h-element\">\n                  <!---->\n                  <!---->\n                  <div class=\"\">\n                    <p>com o objetivo de Com\u00e9rcio e Fabrica\u00e7\u00e3o de Sensores para Temperatura, especializada em Termopares e Termoresist\u00eancia PT100.<\/p>\n                    <p>Somos uma empresa especializada na \u00e1rea de Termometria Industrial e oferecemos solu\u00e7\u00f5es eficientes para os processos que envolvem a medi\u00e7\u00e3o e controle de temperatura.<\/p>\n                    <p>Os nossos produtos possuem as mais diversas aplica\u00e7\u00f5es, no controle e medi\u00e7\u00e3o de temperatura em ind\u00fastrias, cer\u00e2micas, fundi\u00e7\u00f5es, estufas, tratamento t\u00e9rmico, laborat\u00f3rios de metrologia, setor automobil\u00edstico, fornos em geral, ind\u00fastria\n                      aliment\u00edcia, entre outros.<\/p>\n                    <p>A partir de 2019 expandimos nossa atua\u00e7\u00e3o com Servi\u00e7os, Manuten\u00e7\u00e3o e Reparos Hidr\u00e1ulicos, bem como Ret\u00edfica e testes de Bombas, Comandos e V\u00e1lvulas Hidr\u00e1ulicas, atuando no seguintes seguimentos: Agr\u00edcola, Pavimenta\u00e7\u00e3o e Industrias.<\/p>\n                  <\/div>\n                <\/div>\n              <\/div>\n            <\/div>\n          <\/div>\n          <div class=\"h-column h-column-container d-flex h-col-lg-auto h-col-md-auto h-col-auto style-572-outer style-local-9-c8-outer\">\n            <div data-colibri-id=\"9-c8\" class=\"d-flex h-flex-basis h-column__inner h-ui-empty-state-container h-px-lg-2 h-px-md-2 h-px-2 v-inner-lg-2 v-inner-md-2 v-inner-2 style-572 style-local-9-c8 position-relative\">\n              <!---->\n              <!---->\n              <div class=\"w-100 h-y-container h-column__content h-column__v-align flex-basis-100\">\n                <!---->\n              <\/div>\n            <\/div>\n          <\/div>\n        <\/div>\n      <\/div>\n    <\/div>\n  <\/div>\n  <div data-colibri-component=\"section\" data-colibri-id=\"9-c9\" id=\"fale-conosco\" class=\"h-section h-section-global-spacing d-flex align-items-lg-center align-items-md-center align-items-center style-622 style-local-9-c9 position-relative\">\n    <!---->\n    <!---->\n    <div class=\"h-section-grid-container h-section-boxed-container\">\n      <!---->\n      <div data-colibri-id=\"9-c10\" class=\"h-row-container gutters-row-lg-2 gutters-row-md-2 gutters-row-0 gutters-row-v-lg-2 gutters-row-v-md-2 gutters-row-v-2 style-623 style-local-9-c10 position-relative\">\n        <!---->\n        <div class=\"h-row justify-content-lg-center justify-content-md-center justify-content-center align-items-lg-stretch align-items-md-stretch align-items-stretch gutters-col-lg-2 gutters-col-md-2 gutters-col-0 gutters-col-v-lg-2 gutters-col-v-md-2 gutters-col-v-2\">\n          <!---->\n          <div class=\"h-column h-column-container d-flex h-col-lg h-col-md h-col-auto style-624-outer style-local-9-c11-outer\">\n            <div data-colibri-id=\"9-c11\" class=\"d-flex h-flex-basis h-column__inner h-px-lg-0 h-px-md-0 h-px-2 v-inner-lg-0 v-inner-md-0 v-inner-2 style-624 style-local-9-c11 position-relative\">\n              <!---->\n              <!---->\n              <div class=\"w-100 h-y-container h-column__content h-column__v-align flex-basis-100 align-self-lg-center align-self-md-center align-self-center\">\n                <!---->\n                <div data-colibri-id=\"9-c12\" class=\"h-global-transition-all h-heading style-625 style-local-9-c12 position-relative h-element\">\n                  <!---->\n                  <div class=\"h-heading__outer style-625 style-local-9-c12\">\n                    <!---->\n                    <!---->\n                    <h2 class=\"\">Tecnopar \u2013 Sistemas Hidr\u00e1ulicos e Termopares<\/h2>\n                  <\/div>\n                <\/div>\n              <\/div>\n            <\/div>\n          <\/div>\n          <div class=\"h-column h-column-container d-flex h-col-lg-auto h-col-md-auto h-col-auto style-626-outer style-local-9-c13-outer\">\n            <div data-colibri-id=\"9-c13\" class=\"d-flex h-flex-basis h-column__inner h-px-lg-0 h-px-md-0 h-px-2 v-inner-lg-0 v-inner-md-0 v-inner-2 style-626 style-local-9-c13 position-relative\">\n              <!---->\n              <!---->\n              <div class=\"w-100 h-y-container h-column__content h-column__v-align flex-basis-auto align-self-lg-center align-self-md-center align-self-center\">\n                <!---->\n                <div data-colibri-id=\"9-c14\" class=\"h-x-container style-627 style-local-9-c14 position-relative h-element\">\n                  <!---->\n                  <div class=\"h-x-container-inner style-dynamic-9-c14-group style-627-spacing style-local-9-c14-spacing\"><span class=\"h-button__outer style-628-outer style-local-9-c15-outer d-inline-flex h-element\"><a h-use-smooth-scroll=\"true\" href=\"https:\/\/tecnopar-rs.com.br\/site\/contato\/\"  data-colibri-id=\"9-c15\" class=\"d-flex w-100 align-items-center h-button justify-content-lg-center justify-content-md-center justify-content-center style-628 style-local-9-c15 position-relative\"><!----><!----> <span>fale conosco<\/span><\/a>\n                    <\/span>\n                  <\/div>\n                <\/div>\n              <\/div>\n            <\/div>\n          <\/div>\n        <\/div>\n      <\/div>\n    <\/div>\n  <\/div>\n<\/div>","protected":false},"excerpt":{"rendered":"<p>Empresa A Tecnopar foi fundada em mar\u00e7o de 2004 com o objetivo de Com\u00e9rcio e Fabrica\u00e7\u00e3o de Sensores para Temperatura, especializada em Termopares e Termoresist\u00eancia PT100. Somos uma empresa especializada na \u00e1rea de Termometria Industrial e oferecemos solu\u00e7\u00f5es eficientes para os processos que envolvem a medi\u00e7\u00e3o e controle de temperatura. Os nossos produtos possuem as [&hellip;]<\/p>\n","protected":false},"author":1,"featured_media":29,"parent":0,"menu_order":1,"comment_status":"closed","ping_status":"closed","template":"page-templates\/full-width-page.php","meta":{"footnotes":""},"class_list":["post-9","page","type-page","status-publish","has-post-thumbnail","hentry"],"_links":{"self":[{"href":"https:\/\/tecnopar-rs.com.br\/site\/wp-json\/wp\/v2\/pages\/9","targetHints":{"allow":["GET"]}}],"collection":[{"href":"https:\/\/tecnopar-rs.com.br\/site\/wp-json\/wp\/v2\/pages"}],"about":[{"href":"https:\/\/tecnopar-rs.com.br\/site\/wp-json\/wp\/v2\/types\/page"}],"author":[{"embeddable":true,"href":"https:\/\/tecnopar-rs.com.br\/site\/wp-json\/wp\/v2\/users\/1"}],"replies":[{"embeddable":true,"href":"https:\/\/tecnopar-rs.com.br\/site\/wp-json\/wp\/v2\/comments?post=9"}],"version-history":[{"count":19,"href":"https:\/\/tecnopar-rs.com.br\/site\/wp-json\/wp\/v2\/pages\/9\/revisions"}],"predecessor-version":[{"id":2034,"href":"https:\/\/tecnopar-rs.com.br\/site\/wp-json\/wp\/v2\/pages\/9\/revisions\/2034"}],"wp:featuredmedia":[{"embeddable":true,"href":"https:\/\/tecnopar-rs.com.br\/site\/wp-json\/wp\/v2\/media\/29"}],"wp:attachment":[{"href":"https:\/\/tecnopar-rs.com.br\/site\/wp-json\/wp\/v2\/media?parent=9"}],"curies":[{"name":"wp","href":"https:\/\/api.w.org\/{rel}","templated":true}]}}